{"id":22,"date":"2011-08-05T09:49:26","date_gmt":"2011-08-05T09:49:26","guid":{"rendered":"http:\/\/www.universlam.com\/?page_id=22"},"modified":"2011-11-08T11:29:42","modified_gmt":"2011-11-08T11:29:42","slug":"medias","status":"publish","type":"page","link":"https:\/\/www.universlam.com\/?page_id=22","title":{"rendered":"Presse\/M\u00e9dias"},"content":{"rendered":"<h2>\u00d4 Quotidien :<\/h2>\n<div>\n<div id=\"player\" style=\"padding: 11px 11px 11px 11px; background-image: url('http:\/\/franceo.rfo.fr\/images\/playerwmv.jpg'); background-repeat: no-repeat; background-position: center top; width: 330px; margin: 0 auto;\"><script type=\"text\/javascript\" src=\"http:\/\/videojts.francetv.fr\/player\/script.php?pn=VideoPlayer&amp;url=mms:\/\/a988.v101995.c10199.e.vm.akamaistream.net\/7\/988\/10199\/3f97c7e6\/ftvigrp.download.akamai.com\/10199\/horsgv\/regions\/rfo\/o_quotidien\/o_quotidien_20080925-256k.wmv&amp;w=320&amp;h=309&amp;sc=1&amp;as=1&amp;aas=1&amp;tas=1&amp;ssb=1&amp;ecm=1&amp;acds=1&amp;asz=1&amp;ds=2&amp;hb=0&amp;ecm=1\">\/\/ < ![CDATA[\n\/\/ < ![CDATA[\n\/\/ < ![CDATA[\n\/\/ < ![CDATA[\n\/\/ ]]><\/script><\/div>\n<\/div>\n<p>\u00d4 Quotidien: Voir ou revoir l\u2019\u00e9mission du 25 septembre 2008 avec\u00a0:<strong><br \/>\nKing Bobo, Rahman, Dame Gabrielle <\/strong>\u00a0: Organisateurs Slam<strong><br \/>\nCharlotte Ferron<\/strong>\u00a0: Organisatrice de &#8220;Slam dirait bien&#8221;<strong><br \/>\nAmi Karim<\/strong>\u00a0: Chanteur<strong><br \/>\n2\u00b0Forum International des caravanes francophones, Thierry Auzer, Anne-Caroline Jambaud<\/strong>\u00a0: \u00e9crivain<br \/>\n\u00d4 Quotidien est un talk show de 52 minutes pr\u00e9sent\u00e9 par Flyy Lerandy, traitant de l\u2019actualit\u00e9 artistique dans sa diversit\u00e9. Tous les \u00e9v\u00e9nements culturels d\u2019ici et d\u2019ailleurs y trouvent une caisse de r\u00e9sonnance. Autour d\u2019un plateau de cinq invit\u00e9s, ce magazine propose aux t\u00e9l\u00e9spectateurs un espace interactif qui refl\u00e8te l\u2019effervescence multiculturelle fran\u00e7aise<br \/>\n\u00d4 programme\u00a0: de l\u2019actu, de nouveaux talents, des rencontres, des prestations en live et des reportages.<br \/>\n<strong>A suivre du lundi au vendredi \u00e0 19h45 et \u00e0 9h00 sur France \u00d4<\/strong><em><br \/>\nCette \u00e9mission est \u00e9galement diffus\u00e9e en Afrique via canal horizon et dans tous les d\u00e9partements et territoires d\u2019Outre-mer via le r\u00e9seau RFO.<\/em><\/p>\n<hr \/>\n<p class=\"dim2\">20 Minutes septembre 2010: Grand Slam de Paname et Victor Zarca en spectacle aux trois baudets<br \/>\n<a href=\"http:\/\/www.universlam.com\/images\/20_minutes\/21_09_2010.jpg\" target=\"_blank\"><br \/>\nVoir l&#8217;article dans une nouvelle fen\u00eatre<br \/>\n<img decoding=\"async\" src=\"http:\/\/www.universlam.com\/images\/20_minutes\/21_09_2010_tn.jpg\" alt=\"victor zarca\" \/><\/a><\/p>\n<p class=\"dim2\">Nouvels obs mars 2009: Grand Slam de Paname et Dgiz en concert aux trois baudets<br \/>\n<a href=\"http:\/\/www.universlam.com\/images\/nouvel_obs\/P1000015.jpg\" target=\"_blank\">Voir l&#8217;article dans une nouvelle fen\u00eatre<\/a><\/p>\n<p class=\"dim2\">Pariscope 8 juillet 2009: Grand Slam de Paname et Frang\u00e9lik en spectacle aux trois baudets<br \/>\n<img decoding=\"async\" src=\"http:\/\/www.universlam.com\/images\/pariscope\/P1000014.jpg\" alt=\"pariscope trois baudets\" \/><\/p>\n<div class=\"dispoEmbed\">Caf\u00e9 de l&#8217;avant-sc\u00e8ne LA COURSIVE<br \/>\nSc\u00e8ne <strong>&#8220;Slam Dirait Bien&#8221;<\/strong> FRANCOFOLIES LA ROCHELLE 2007<\/div>\n<div class=\"dispoEmbed\"><a href=\"http:\/\/myspacetv.com\/index.cfm?fuseaction=vids.individual&amp;videoid=13673212\">france 3 la rochelle universlam canopy francofolies<\/a> 13\/07\/07<\/div>\n<div class=\"dispoEmbed\"><img decoding=\"async\" loading=\"lazy\" src=\"images\/france3\/france3logo.jpg\" alt=\"\" width=\"150\" height=\"200\" \/><br \/>\n<object width=\"430\" height=\"346\" classid=\"clsid:d27cdb6e-ae6d-11cf-96b8-444553540000\" codebase=\"http:\/\/download.macromedia.com\/pub\/shockwave\/cabs\/flash\/swflash.cab#version=6,0,40,0\"><param name=\"src\" value=\"http:\/\/lads.myspace.com\/videos\/vplayer.swf\" \/><param name=\"flashvars\" value=\"m=13673212&amp;v=2&amp;type=video\" \/><embed width=\"430\" height=\"346\" type=\"application\/x-shockwave-flash\" src=\"http:\/\/lads.myspace.com\/videos\/vplayer.swf\" flashvars=\"m=13673212&amp;v=2&amp;type=video\" \/><\/object><\/div>\n<div class=\"dispoEmbed\"><a href=\"http:\/\/myspacetv.com\/index.cfm?fuseaction=vids.addToProfileConfirm&amp;videoid=13673212&amp;title=france 3 la rochelle universlam canopy francofolies\">Ajouter \u00e0 mon profil<\/a><\/div>\n<hr \/>\n<div class=\"dispoEmbed\"><img decoding=\"async\" src=\"images\/hitwest\/logo_hitwest_accueil.gif\" alt=\"\" \/><object width=\"400\" height=\"267\" classid=\"clsid:d27cdb6e-ae6d-11cf-96b8-444553540000\" codebase=\"http:\/\/download.macromedia.com\/pub\/shockwave\/cabs\/flash\/swflash.cab#version=6,0,40,0\"><param name=\"src\" value=\"http:\/\/picasaweb.google.com\/s\/c\/bin\/slideshow.swf\" \/><param name=\"flashvars\" value=\"host=picasaweb.google.com&amp;captions=1&amp;RGB=0x000000&amp;feed=http%3A%2F%2Fpicasaweb.google.com%2Fdata%2Ffeed%2Fapi%2Fuser%2Funiverslam%2Falbumid%2F5089777704949598257%3Fkind%3Dphoto%26alt%3Drss\" \/><param name=\"pluginspage\" value=\"http:\/\/www.macromedia.com\/go\/getflashplayer\" \/><embed width=\"400\" height=\"267\" type=\"application\/x-shockwave-flash\" src=\"http:\/\/picasaweb.google.com\/s\/c\/bin\/slideshow.swf\" flashvars=\"host=picasaweb.google.com&amp;captions=1&amp;RGB=0x000000&amp;feed=http%3A%2F%2Fpicasaweb.google.com%2Fdata%2Ffeed%2Fapi%2Fuser%2Funiverslam%2Falbumid%2F5089777704949598257%3Fkind%3Dphoto%26alt%3Drss\" pluginspage=\"http:\/\/www.macromedia.com\/go\/getflashplayer\" \/><\/object><\/div>\n<p class=\"centerAlign\">HitWest radio FRANCOFOLIES LA ROCHELLE 2007<\/p>\n<p class=\"centerAlign\"><object width=\"200\" height=\"20\" classid=\"clsid:d27cdb6e-ae6d-11cf-96b8-444553540000\" codebase=\"http:\/\/download.macromedia.com\/pub\/shockwave\/cabs\/flash\/swflash.cab#version=6,0,40,0\"><param name=\"src\" value=\"http:\/\/www.universlam.com\/dewplayer.swf?mp3=http:\/\/www.universlam.com\/sons\/radio_hit_west_1_mp3.mp3&amp;autostart=0&amp;autoreplay=1&amp;bgcolor=339900\" \/><embed width=\"200\" height=\"20\" type=\"application\/x-shockwave-flash\" src=\"http:\/\/www.universlam.com\/dewplayer.swf?mp3=http:\/\/www.universlam.com\/sons\/radio_hit_west_1_mp3.mp3&amp;autostart=0&amp;autoreplay=1&amp;bgcolor=339900\" \/><\/object><\/p>\n<p><strong>interview par C-Drik : Dgiz, Chimere, Rahman, Arthur Ribo, S\u00e9!sma<\/strong><\/p>\n<p><object width=\"200\" height=\"20\" classid=\"clsid:d27cdb6e-ae6d-11cf-96b8-444553540000\" codebase=\"http:\/\/download.macromedia.com\/pub\/shockwave\/cabs\/flash\/swflash.cab#version=6,0,40,0\"><param name=\"src\" value=\"http:\/\/www.universlam.com\/dewplayer.swf?mp3=http:\/\/www.universlam.com\/sons\/radio_hit_west_2_mp3.mp3&amp;autostart=0&amp;autoreplay=1&amp;bgcolor=339900\" \/><embed width=\"200\" height=\"20\" type=\"application\/x-shockwave-flash\" src=\"http:\/\/www.universlam.com\/dewplayer.swf?mp3=http:\/\/www.universlam.com\/sons\/radio_hit_west_2_mp3.mp3&amp;autostart=0&amp;autoreplay=1&amp;bgcolor=339900\" \/><\/object><\/p>\n<p><strong>live<\/strong><br \/>\n<strong> : Dgiz, Chimere, Rahman, Arthur Ribo, S\u00e9!sma<\/strong><\/p>\n<hr \/>\n<div class=\"dispoEmbed\"><img decoding=\"async\" loading=\"lazy\" src=\"images\/sud_ouest\/sudouest.gif\" alt=\"\" width=\"280\" height=\"66\" \/><\/div>\n<p><span style=\"color: #000000; font-family: arial; font-size: large;\"><strong>Avis aux po\u00e8tes<\/strong><\/span><br \/>\nArticle d&#8217;Agn\u00e8s Lano\u00eblle<\/p>\n<p>Sud Ouest le 12\/07\/07<\/p>\n<table style=\"width: 260px;\" cellspacing=\"0\" align=\"right\" bgcolor=\"#d93b2b\">\n<tbody>\n<tr>\n<td align=\"center\" bgcolor=\"#ffffff\"><script type=\"text\/javascript\" language=\"JavaScript\">\/\/ < ![CDATA[\n\/\/ < ![CDATA[\n\/\/ < ![CDATA[\n\/\/ < ![CDATA[ \t\t\t\t\tOAS_AD('Position2');\n\/\/ ]]><\/script><br \/>\n<img decoding=\"async\" loading=\"lazy\" src=\"images\/sud_ouest\/3972745.jpg\" alt=\"\" width=\"250\" height=\"236\" align=\"middle\" border=\"0\" \/>S\u00e9!sma au caf\u00e9 de l&#8217;avant-sc\u00e8ne &#8220;la coursive&#8221; annon\u00e7ant la sc\u00e8ne ouverte de slam po\u00e9sie &#8220;slam dirait bien&#8221;<\/td>\n<\/tr>\n<tr>\n<td align=\"right\"><\/td>\n<\/tr>\n<\/tbody>\n<\/table>\n<p><span style=\"color: #000000; font-family: arial; font-size: x-small;\">Ils<br \/>\nsont quatre gar\u00e7ons et vous ne pouvez pas les manquer: depuis hier,<br \/>\nKing Bobo, Seisma, Rahman et Artur Ribo haranguent la foule et clament<br \/>\nde la po\u00e9sie \u00e0 tous ceux qui veulent bien faire une pause en route. De<br \/>\n12 heures \u00e0 15 heures, jusqu&#8217;\u00e0 lundi, ce collectif de slameurs<br \/>\nparisiens, rep\u00e9r\u00e9 par Ambre Foulquier toujours aussi passionn\u00e9e par le<br \/>\nmilieu hip-hop, s&#8217;invitent \u00e0 l&#8217;Avant-Sc\u00e8ne pour trois heures de joutes<br \/>\nverbales et vous content des histoires en vous regardant droit dans les<br \/>\nyeux. As de l&#8217;improvisation, amoureux de la langue fran\u00e7aise, ils sont<br \/>\nles porte-drapeaux d&#8217;un genre popularis\u00e9 l&#8217;ann\u00e9e derni\u00e8re par Grand<br \/>\nCorps Malade et Abd Al Malik: le slam. \u00ab Nos deux mots d&#8217;ordre: le<br \/>\npartage et l&#8217;oralit\u00e9 \u00bb r\u00e9sume King Bobo, po\u00e8te et graffeur (il est venu<br \/>\n\u00e0 plusieurs reprises \u00e0 La Rochelle pour graffer \u00e0 l&#8217;\u00e9poque des concerts<br \/>\nhip-hop et rap).<\/span><\/p>\n<p><span style=\"color: #000000; font-family: Arial; font-size: x-small;\"><strong>Influences.<\/strong><\/span><span style=\"color: #000000; font-family: arial; font-size: x-small;\"><br \/>\nDebout face au public, avec ou sans micro, ils clament comme ils<br \/>\nrespirent et jouent avec les mots. Tous les quatre pratiquent le slam<br \/>\ndans des styles tr\u00e8s diff\u00e9rents, avec chacun leur influence. Arthur<br \/>\nRibo, issu du th\u00e9\u00e2tre, se d\u00e9finit comme un \u00ab improvis-auteur \u00bb. Rahman,<br \/>\nsourire permanent, aime raconter une blague avant de se lancer dans un<br \/>\nlong monologue rythm\u00e9. Seisma, qui \u00e9crit depuis qu&#8217;il est au coll\u00e8ge,<br \/>\nadopte quant \u00e0 lui un phras\u00e9 plus rap. S&#8217;ils ont chacun leur<br \/>\npersonnalit\u00e9, tous partagent ce go\u00fbt immod\u00e9r\u00e9 pour les mots et la<br \/>\nd\u00e9clamation. \u00abLe slam, c&#8217;est le partage avec le public. C&#8217;est<br \/>\nl&#8217;occasion aussi de montrer que la litt\u00e9rature n&#8217;est pas qu&#8217;un truc<br \/>\nchiant\u00bb assure-t-il. <\/span><br \/>\n<span style=\"color: #000000; font-family: arial; font-size: x-small;\">Jusqu&#8217;\u00e0<br \/>\nlundi, ils seront les ma\u00eetres de c\u00e9r\u00e9monie d&#8217;une sc\u00e8ne ouverte qui<br \/>\nconvie le public \u00e0 participer. Le principe: un texte dit, un verre<br \/>\noffert. Pour participer, rien de plus simple: on s&#8217;inscrit avant et on<br \/>\nattend que King Bobo nous donne la parole. <\/span><br \/>\n<span style=\"color: #000000; font-family: arial; font-size: x-small;\">Avis<br \/>\ndonc aux po\u00e8tes en herbe et \u00e0 tous ceux qui croient \u00e0 la transmission<br \/>\norale et aux vertus qu&#8217;elle transporte. Au milieu d&#8217;une troupe<br \/>\nchamar\u00e9e, ici, on parle et on se parle.<\/span><br \/>\n<span style=\"color: #000000; font-family: arial; font-size: x-small;\">Sc\u00e8ne ouverte tous les jours de 12 heures \u00e0 15 heures \u00e0 L&#8217;Avant-Sc\u00e8ne. <\/span><\/p>\n<p class=\"centerAlign\"><img decoding=\"async\" loading=\"lazy\" src=\"images\/sud_ouest\/SO_13-07-a.jpg\" alt=\"\" width=\"650\" height=\"1082\" \/><\/p>\n<p class=\"centerAlign\"><img decoding=\"async\" src=\"images\/sud_ouest\/SO_13-07-b.jpg\" alt=\"\" \/><\/p>\n<p class=\"centerAlign\">Sud Ouest le 12_07_07<\/p>\n<p class=\"centerAlign\"><img decoding=\"async\" src=\"images\/sud_ouest\/SO_12-07.jpg\" alt=\"\" \/><\/p>\n<hr \/>\n<p class=\"centerAlign\">Graff it!<\/p>\n<p class=\"centerAlign\"><img decoding=\"async\" src=\"images\/sud_ouest\/couv_graffit.jpg\" alt=\"\" \/><\/p>\n<p class=\"centerAlign\"><img decoding=\"async\" src=\"images\/sud_ouest\/universlam-graffit.jpg\" alt=\"\" \/><\/p>\n\n<!-- Share-Widget Button BEGIN -->\n<a href=\"javascript:void(0);\" myshare_id=\"mys_shareit\" myshare_url=\"https:\/\/www.universlam.com\/?page_id=22\" myshare_title=\"Presse\/M\u00e9dias\" rel=\"nofollow\" onclick=\" return false;\" style=\"text-decoration:none; color:#000000; font-size:11px; line-height:20px;\">\n<img src=\"https:\/\/www.universlam.com\/wp-content\/plugins\/share-widget\/img\/share-button-white-small.png\" height=\"20\" alt=\"Share\" style=\"border:0\"\/><\/a>\n<script type=\"text\/javascript\">\n<!--\nvar _myssmw=true;\n\n\/\/-->\n<\/script>\n<!-- Share-Widget Button END --><div class=\"wp_plus_one_button\" style=\"margin: 0 0 8px 8px; float:right; \"><g:plusone size=\"small\" href=\"https:\/\/www.universlam.com\/?page_id=22\" callback=\"wp_plus_one_handler\"><\/g:plusone><\/div>","protected":false},"excerpt":{"rendered":"<p>\u00d4 Quotidien :<\/p>\n<p>\/\/ < ![CDATA[\n\/\/ < ![CDATA[\n\/\/ < ![CDATA[\n\/\/ < ![CDATA[\n\/\/ ]]&gt;\n\n\u00d4 Quotidien: Voir ou revoir l\u2019\u00e9mission du 25 septembre 2008 avec\u00a0:\nKing Bobo, Rahman, Dame Gabrielle \u00a0: Organisateurs Slam\nCharlotte Ferron\u00a0: Organisatrice de &#8220;Slam dirait bien&#8221;\nAmi Karim\u00a0: Chanteur\n2\u00b0Forum International des caravanes francophones, Thierry Auzer, Anne-Caroline Jambaud\u00a0: \u00e9crivain\n\u00d4 Quotidien est un talk show de 52 minutes pr\u00e9sent\u00e9 &hellip; <\/p>\n<p><a class=\"more-link btn\" href=\"https:\/\/www.universlam.com\/?page_id=22\">Lire la suite<\/a><\/p>\n<div class=\"wp_plus_one_button\" style=\"margin: 0 0 8px 8px; float:right; \"><g:plusone size=\"small\" href=\"https:\/\/www.universlam.com\/?page_id=22\" callback=\"wp_plus_one_handler\"><\/g:plusone><\/div>","protected":false},"author":1,"featured_media":0,"parent":0,"menu_order":7,"comment_status":"open","ping_status":"open","template":"","meta":[],"_links":{"self":[{"href":"https:\/\/www.universlam.com\/index.php?rest_route=\/wp\/v2\/pages\/22"}],"collection":[{"href":"https:\/\/www.universlam.com\/index.php?rest_route=\/wp\/v2\/pages"}],"about":[{"href":"https:\/\/www.universlam.com\/index.php?rest_route=\/wp\/v2\/types\/page"}],"author":[{"embeddable":true,"href":"https:\/\/www.universlam.com\/index.php?rest_route=\/wp\/v2\/users\/1"}],"replies":[{"embeddable":true,"href":"https:\/\/www.universlam.com\/index.php?rest_route=%2Fwp%2Fv2%2Fcomments&post=22"}],"version-history":[{"count":7,"href":"https:\/\/www.universlam.com\/index.php?rest_route=\/wp\/v2\/pages\/22\/revisions"}],"predecessor-version":[{"id":705,"href":"https:\/\/www.universlam.com\/index.php?rest_route=\/wp\/v2\/pages\/22\/revisions\/705"}],"wp:attachment":[{"href":"https:\/\/www.universlam.com\/index.php?rest_route=%2Fwp%2Fv2%2Fmedia&parent=22"}],"curies":[{"name":"wp","href":"https:\/\/api.w.org\/{rel}","templated":true}]}}